{"id":231,"date":"2019-12-28T12:39:24","date_gmt":"2019-12-28T11:39:24","guid":{"rendered":"http:\/\/akaju.fr\/?post_type=product&#038;p=231"},"modified":"2021-11-23T16:11:06","modified_gmt":"2021-11-23T15:11:06","slug":"bracelet-nigra","status":"publish","type":"product","link":"http:\/\/akaju.fr\/index.php\/produit\/bracelet-nigra\/","title":{"rendered":"Bracelet Nigra"},"content":{"rendered":"<p>Au d\u00e9tour d\u2019un chemin, un curieux fruit, c\u2019est une noix! Mais pas pas n\u2019importe laquelle, celle du noyer noir d\u2019Am\u00e9rique, mais r\u00e9colt\u00e9e \u00e0 Grenoble. Elle a \u00e9t\u00e9 rapport\u00e9e \u00e0 v\u00e9lo jusqu\u2019\u00e0 l\u2019atelier, son bois tr\u00e8s r\u00e9sistant \u00e0 \u00e9t\u00e9 sci\u00e9, ponc\u00e9 et poli par mes soins avant d\u2019\u00eatre mont\u00e9 en bracelet avec du laiton et des graines de savonnier de Chine, elles aussi r\u00e9colt\u00e9es \u00e0 Grenoble. Les formes cisel\u00e9es de cette tranche de noix et le fin bracelet de laiton brut (sans allerg\u00e8nes) viendront orner votre poignet tout en d\u00e9licatesse et originalit\u00e9. La taille des noix et la fa\u00e7on de les couper fait que chaque bracelet est unique, m\u00eame si les motifs sont souvent similaires. La tranche de noix mesure environ 3cm.<\/p>\n<p>Afin de garder votre bracelet le plus longtemps possible, je vous conseille de le ranger dans un endroit sec (\u00e9viter la salle de bain), d\u2019\u00e9viter le contact avec l\u2019eau (l\u2019enlever avant de prendre votre douche), ou une exposition au soleil trop prolong\u00e9e, \u00e9viter le contact avec le parfum, l\u2019enlever avant d\u2019aller vous coucher ou d\u2019aller faire du sport. Avec le temps, une patine appara\u00eet sur le laiton, lui donnant un aspect or ancien\u00a0; si vous voulez redonner un coup d\u2019\u00e9clat au laiton, vous pouvez le frotter doucement avec un chiffon doux et un peu de vinaigre ou de bicarbonate de soude additionn\u00e9 de quelques gouttes d\u2019eau, puis l\u2019essuyer avec un chiffon propre.<\/p>\n","protected":false},"excerpt":{"rendered":"<p>D\u00e9licatement dentel\u00e9, bracelet en laiton brut (sans allerg\u00e8nes) ,graines de savonnier de Chine et noix noire d\u2019Am\u00e9rique.<\/p>\n","protected":false},"featured_media":2689,"comment_status":"closed","ping_status":"closed","template":"","meta":[],"product_brand":[],"product_cat":[21],"product_tag":[],"class_list":{"0":"post-231","1":"product","2":"type-product","3":"status-publish","4":"has-post-thumbnail","6":"product_cat-bracelet","8":"first","9":"instock","10":"shipping-taxable","11":"purchasable","12":"product-type-simple"},"aioseo_notices":[],"_links":{"self":[{"href":"http:\/\/akaju.fr\/index.php\/wp-json\/wp\/v2\/product\/231","targetHints":{"allow":["GET"]}}],"collection":[{"href":"http:\/\/akaju.fr\/index.php\/wp-json\/wp\/v2\/product"}],"about":[{"href":"http:\/\/akaju.fr\/index.php\/wp-json\/wp\/v2\/types\/product"}],"replies":[{"embeddable":true,"href":"http:\/\/akaju.fr\/index.php\/wp-json\/wp\/v2\/comments?post=231"}],"wp:featuredmedia":[{"embeddable":true,"href":"http:\/\/akaju.fr\/index.php\/wp-json\/wp\/v2\/media\/2689"}],"wp:attachment":[{"href":"http:\/\/akaju.fr\/index.php\/wp-json\/wp\/v2\/media?parent=231"}],"wp:term":[{"taxonomy":"product_brand","embeddable":true,"href":"http:\/\/akaju.fr\/index.php\/wp-json\/wp\/v2\/product_brand?post=231"},{"taxonomy":"product_cat","embeddable":true,"href":"http:\/\/akaju.fr\/index.php\/wp-json\/wp\/v2\/product_cat?post=231"},{"taxonomy":"product_tag","embeddable":true,"href":"http:\/\/akaju.fr\/index.php\/wp-json\/wp\/v2\/product_tag?post=231"}],"curies":[{"name":"wp","href":"https:\/\/api.w.org\/{rel}","templated":true}]}}