{"id":241,"date":"2019-12-28T12:45:39","date_gmt":"2019-12-28T11:45:39","guid":{"rendered":"http:\/\/akaju.fr\/?post_type=product&#038;p=241"},"modified":"2021-01-22T19:36:12","modified_gmt":"2021-01-22T18:36:12","slug":"collier-nigra","status":"publish","type":"product","link":"http:\/\/akaju.fr\/index.php\/produit\/collier-nigra\/","title":{"rendered":"Collier Nigra"},"content":{"rendered":"<p>Avec ses formes en \u00e9ventail et ses bords dentel\u00e9s, ce collier \u00e9voque la l\u00e9g\u00e8ret\u00e9 du monde a\u00e9rien; l\u00e9ger, il l\u2019est\u00a0 particuli\u00e8rement, et saura se faire oublier. Mais ne vous y fiez pas, son bois est dur. Les tranches de noix noire qui le constituent on \u00e9t\u00e9 r\u00e9colt\u00e9es, sci\u00e9es, ponc\u00e9es, polies et assembl\u00e9es \u00e0 la main dans mon atelier \u00e0 Grenoble. Un petit triangle de laiton brut (sans allerg\u00e8nes) vient apporter une petite touche g\u00e9om\u00e9trique \u00e0 l\u2019ensemble, le tout est mont\u00e9 sur un lien en coton cir\u00e9, termin\u00e9 par un fermoir en laiton brut, fait main \u00e9galement. Ce collier est \u00e9galement r\u00e9glable gr\u00e2ce aux n\u0153uds coulissants de chaque c\u00f4t\u00e9s du fermoir. Il peut mesurer jusqu\u2019\u00e0 60cm de long. La taille des noix et la fa\u00e7on de les couper fait que chaque collier est unique, il peut donc exister de l\u00e9g\u00e8res diff\u00e9rences d&rsquo;un mod\u00e8le \u00e0 l&rsquo;autre.<\/p>\n<p>Afin de garder votre collier le plus longtemps possible, je vous conseille de le ranger dans un endroit sec (\u00e9viter la salle de bain), d\u2019\u00e9viter le contact avec l\u2019eau (l\u2019enlever avant de prendre votre douche), ou une exposition au soleil trop prolong\u00e9e, \u00e9viter le contact avec le parfum, l\u2019enlever avant d\u2019aller vous coucher ou d\u2019aller faire du sport. Avec le temps, une patine appara\u00eet sur le laiton, lui donnant un aspect or ancien\u00a0; si vous voulez redonner un coup d\u2019\u00e9clat au laiton, vous pouvez le frotter doucement avec un chiffon doux et un peu de vinaigre ou de bicarbonate de soude additionn\u00e9 de quelques gouttes d\u2019eau, puis l\u2019essuyer avec un chiffon propre.<\/p>\n","protected":false},"excerpt":{"rendered":"<p>Original et d\u00e9licat, collier en coton cir\u00e9, laiton brut (sans allerg\u00e8nes) et noix noire d\u2019Am\u00e9rique.<\/p>\n","protected":false},"featured_media":2705,"comment_status":"closed","ping_status":"closed","template":"","meta":[],"product_brand":[],"product_cat":[23,27],"product_tag":[],"class_list":{"0":"post-241","1":"product","2":"type-product","3":"status-publish","4":"has-post-thumbnail","6":"product_cat-collier","7":"product_cat-femme","9":"first","10":"instock","11":"shipping-taxable","12":"purchasable","13":"product-type-simple"},"aioseo_notices":[],"_links":{"self":[{"href":"http:\/\/akaju.fr\/index.php\/wp-json\/wp\/v2\/product\/241","targetHints":{"allow":["GET"]}}],"collection":[{"href":"http:\/\/akaju.fr\/index.php\/wp-json\/wp\/v2\/product"}],"about":[{"href":"http:\/\/akaju.fr\/index.php\/wp-json\/wp\/v2\/types\/product"}],"replies":[{"embeddable":true,"href":"http:\/\/akaju.fr\/index.php\/wp-json\/wp\/v2\/comments?post=241"}],"wp:featuredmedia":[{"embeddable":true,"href":"http:\/\/akaju.fr\/index.php\/wp-json\/wp\/v2\/media\/2705"}],"wp:attachment":[{"href":"http:\/\/akaju.fr\/index.php\/wp-json\/wp\/v2\/media?parent=241"}],"wp:term":[{"taxonomy":"product_brand","embeddable":true,"href":"http:\/\/akaju.fr\/index.php\/wp-json\/wp\/v2\/product_brand?post=241"},{"taxonomy":"product_cat","embeddable":true,"href":"http:\/\/akaju.fr\/index.php\/wp-json\/wp\/v2\/product_cat?post=241"},{"taxonomy":"product_tag","embeddable":true,"href":"http:\/\/akaju.fr\/index.php\/wp-json\/wp\/v2\/product_tag?post=241"}],"curies":[{"name":"wp","href":"https:\/\/api.w.org\/{rel}","templated":true}]}}