{"id":2916,"date":"2020-08-25T11:37:14","date_gmt":"2020-08-25T09:37:14","guid":{"rendered":"http:\/\/akaju.fr\/?post_type=product&#038;p=2916"},"modified":"2022-04-26T17:27:13","modified_gmt":"2022-04-26T15:27:13","slug":"collier-sautoir-nucalis","status":"publish","type":"product","link":"http:\/\/akaju.fr\/index.php\/produit\/collier-sautoir-nucalis\/","title":{"rendered":"Collier sautoir Nucalis"},"content":{"rendered":"<p>La noix noire d&rsquo;Am\u00e9rique renferme un tr\u00e9sor esth\u00e9tique original et unique, une tranche en son coeur r\u00e9v\u00e8le une forme g\u00e9om\u00e9trique quasi sym\u00e9trique et architectur\u00e9e. Laissez votre oeil se promener dans ces formes naturelles fluides, rehauss\u00e9es d&rsquo;une breloque d&rsquo;inspiration Art Nouveau. Ce m\u00e9daillon naturel apportera une touche d&rsquo;originalit\u00e9 \u00e0 vos tenues. Ses couleurs chaudes se marient particuli\u00e8rement bien avec les couleurs froides telles que les nuances de bleu, de vert, et apportent une note raffin\u00e9e aux v\u00eatements noirs. Ce sautoir m\u00e9daillon a \u00e9t\u00e9 cr\u00e9e \u00e0 partir de noix noire d&rsquo;Am\u00e9rique r\u00e9colt\u00e9e (\u00e0 Grenoble), sci\u00e9e, ponc\u00e9e, polie, puis perc\u00e9e par mes soins dans mon atelier de Grenoble. J&rsquo;ai peint la tranche \u00e0 la main puis l&rsquo;ai assembl\u00e9e aux \u00e9l\u00e9ments en laiton brut (sans allerg\u00e8nes). La longueur totale de la cha\u00eenette est d&rsquo;environ 80cm, l&rsquo;ensemble m\u00e9daillon et breloques mesure environ 7cm. Ce collier \u00e9tant fabriqu\u00e9 artisanalement \u00e0 base d&rsquo;\u00e9l\u00e9ments naturels, il peut l\u00e9g\u00e8rement diff\u00e9rer de celui pr\u00e9sent\u00e9 sur les photos.<\/p>\n<p>Afin de garder votre collier le plus longtemps possible, je vous conseille de le ranger dans un endroit sec (\u00e9viter la salle de bain), d\u2019\u00e9viter le contact avec l\u2019eau (l\u2019enlever avant de prendre votre douche), ou une exposition au soleil trop prolong\u00e9e, \u00e9viter le contact avec le parfum, l\u2019enlever avant d\u2019aller vous coucher ou d\u2019aller faire du sport.<\/p>\n","protected":false},"excerpt":{"rendered":"<p>Un collier d&rsquo;inspiration Art Nouveau, en bois de noix noire d&rsquo;Am\u00e9rique et laiton brut (sans allerg\u00e8ne)<\/p>\n","protected":false},"featured_media":2904,"comment_status":"open","ping_status":"closed","template":"","meta":[],"product_brand":[],"product_cat":[23,27],"product_tag":[],"class_list":{"0":"post-2916","1":"product","2":"type-product","3":"status-publish","4":"has-post-thumbnail","6":"product_cat-collier","7":"product_cat-femme","9":"first","10":"instock","11":"shipping-taxable","12":"purchasable","13":"product-type-simple"},"aioseo_notices":[],"_links":{"self":[{"href":"http:\/\/akaju.fr\/index.php\/wp-json\/wp\/v2\/product\/2916","targetHints":{"allow":["GET"]}}],"collection":[{"href":"http:\/\/akaju.fr\/index.php\/wp-json\/wp\/v2\/product"}],"about":[{"href":"http:\/\/akaju.fr\/index.php\/wp-json\/wp\/v2\/types\/product"}],"replies":[{"embeddable":true,"href":"http:\/\/akaju.fr\/index.php\/wp-json\/wp\/v2\/comments?post=2916"}],"wp:featuredmedia":[{"embeddable":true,"href":"http:\/\/akaju.fr\/index.php\/wp-json\/wp\/v2\/media\/2904"}],"wp:attachment":[{"href":"http:\/\/akaju.fr\/index.php\/wp-json\/wp\/v2\/media?parent=2916"}],"wp:term":[{"taxonomy":"product_brand","embeddable":true,"href":"http:\/\/akaju.fr\/index.php\/wp-json\/wp\/v2\/product_brand?post=2916"},{"taxonomy":"product_cat","embeddable":true,"href":"http:\/\/akaju.fr\/index.php\/wp-json\/wp\/v2\/product_cat?post=2916"},{"taxonomy":"product_tag","embeddable":true,"href":"http:\/\/akaju.fr\/index.php\/wp-json\/wp\/v2\/product_tag?post=2916"}],"curies":[{"name":"wp","href":"https:\/\/api.w.org\/{rel}","templated":true}]}}