{"id":2120,"date":"2020-03-19T09:14:41","date_gmt":"2020-03-19T08:14:41","guid":{"rendered":"http:\/\/akaju.fr\/?page_id=2120"},"modified":"2025-09-25T10:13:14","modified_gmt":"2025-09-25T08:13:14","slug":"points-de-vente","status":"publish","type":"page","link":"https:\/\/akaju.fr\/index.php\/points-de-vente\/","title":{"rendered":"Points de vente"},"content":{"rendered":"\n<h2 class=\"wp-block-heading\">Retrouvez certains mod\u00e8les des bijoux <a href=\"http:\/\/akaju.fr\/\" target=\"_blank\" rel=\"noreferrer noopener\">Akaju<\/a> dans vos boutiques pr\u00e9f\u00e9r\u00e9es.<\/h2>\n\n\n<div class=\"wp-block-image\">\n<figure class=\"aligncenter size-large is-resized\"><img loading=\"lazy\" decoding=\"async\" width=\"1024\" height=\"576\" src=\"http:\/\/akaju.fr\/wp-content\/uploads\/2022\/01\/boutique-doux-voyage-1024x576.jpg\" alt=\"\" class=\"wp-image-3513\" style=\"width:599px;height:337px\" srcset=\"https:\/\/akaju.fr\/wp-content\/uploads\/2022\/01\/boutique-doux-voyage-1024x576.jpg 1024w, https:\/\/akaju.fr\/wp-content\/uploads\/2022\/01\/boutique-doux-voyage-300x169.jpg 300w, https:\/\/akaju.fr\/wp-content\/uploads\/2022\/01\/boutique-doux-voyage-768x432.jpg 768w, https:\/\/akaju.fr\/wp-content\/uploads\/2022\/01\/boutique-doux-voyage-1536x864.jpg 1536w, https:\/\/akaju.fr\/wp-content\/uploads\/2022\/01\/boutique-doux-voyage-324x182.jpg 324w, https:\/\/akaju.fr\/wp-content\/uploads\/2022\/01\/boutique-doux-voyage-416x234.jpg 416w, https:\/\/akaju.fr\/wp-content\/uploads\/2022\/01\/boutique-doux-voyage.jpg 1600w\" sizes=\"auto, (max-width: 1024px) 100vw, 1024px\" \/><\/figure>\n<\/div>\n\n\n<p class=\"has-text-align-center has-medium-font-size\">12 place du Vernon 38410 Chamrousse<\/p>\n\n\n<div class=\"wp-block-image\">\n<figure class=\"aligncenter size-large\"><img loading=\"lazy\" decoding=\"async\" width=\"1024\" height=\"490\" src=\"https:\/\/akaju.fr\/wp-content\/uploads\/2025\/09\/xl_grandsechoir-1024x490.png\" alt=\"\" class=\"wp-image-3679\" srcset=\"https:\/\/akaju.fr\/wp-content\/uploads\/2025\/09\/xl_grandsechoir-1024x490.png 1024w, https:\/\/akaju.fr\/wp-content\/uploads\/2025\/09\/xl_grandsechoir-300x144.png 300w, https:\/\/akaju.fr\/wp-content\/uploads\/2025\/09\/xl_grandsechoir-768x368.png 768w, https:\/\/akaju.fr\/wp-content\/uploads\/2025\/09\/xl_grandsechoir-324x155.png 324w, https:\/\/akaju.fr\/wp-content\/uploads\/2025\/09\/xl_grandsechoir-416x199.png 416w, https:\/\/akaju.fr\/wp-content\/uploads\/2025\/09\/xl_grandsechoir.png 1140w\" sizes=\"auto, (max-width: 1024px) 100vw, 1024px\" \/><\/figure>\n<\/div>\n\n\n<h4 class=\"wp-block-heading has-text-align-center\"><strong>Le Grand S\u00e9choir | Maison du pays de la noix<\/strong><br>705 route de Grenoble<br>38 470 VINAY<\/h4>\n\n\n<div class=\"wp-block-image\">\n<figure class=\"aligncenter size-full is-resized\"><img loading=\"lazy\" decoding=\"async\" width=\"397\" height=\"298\" src=\"https:\/\/akaju.fr\/wp-content\/uploads\/2025\/09\/OT-grenoble-1.webp\" alt=\"\" class=\"wp-image-3681\" style=\"width:637px;height:auto\" srcset=\"https:\/\/akaju.fr\/wp-content\/uploads\/2025\/09\/OT-grenoble-1.webp 397w, https:\/\/akaju.fr\/wp-content\/uploads\/2025\/09\/OT-grenoble-1-300x225.webp 300w, https:\/\/akaju.fr\/wp-content\/uploads\/2025\/09\/OT-grenoble-1-324x243.webp 324w\" sizes=\"auto, (max-width: 397px) 100vw, 397px\" \/><\/figure>\n<\/div>\n\n\n<h4 class=\"wp-block-heading has-text-align-center\"><strong>Office de tourisme de Grenoble<\/strong><\/h4>\n\n\n<div class=\"wp-block-image\">\n<figure class=\"aligncenter size-large is-resized\"><img loading=\"lazy\" decoding=\"async\" width=\"1024\" height=\"924\" src=\"http:\/\/akaju.fr\/wp-content\/uploads\/2022\/01\/logoici-present-1024x924.jpeg\" alt=\"\" class=\"wp-image-3512\" style=\"width:161px;height:145px\" srcset=\"https:\/\/akaju.fr\/wp-content\/uploads\/2022\/01\/logoici-present-1024x924.jpeg 1024w, https:\/\/akaju.fr\/wp-content\/uploads\/2022\/01\/logoici-present-300x271.jpeg 300w, https:\/\/akaju.fr\/wp-content\/uploads\/2022\/01\/logoici-present-768x693.jpeg 768w, https:\/\/akaju.fr\/wp-content\/uploads\/2022\/01\/logoici-present-1536x1386.jpeg 1536w, https:\/\/akaju.fr\/wp-content\/uploads\/2022\/01\/logoici-present-2048x1848.jpeg 2048w, https:\/\/akaju.fr\/wp-content\/uploads\/2022\/01\/logoici-present-324x292.jpeg 324w, https:\/\/akaju.fr\/wp-content\/uploads\/2022\/01\/logoici-present-416x375.jpeg 416w\" sizes=\"auto, (max-width: 1024px) 100vw, 1024px\" \/><\/figure>\n<\/div>\n\n\n<p class=\"has-text-align-center\"><a href=\"https:\/\/www.icipresent.com\/\" target=\"_blank\" rel=\"noopener\" title=\"ici pr\u00e9sent\">ici pr\u00e9sent<\/a><\/p>\n\n\n\n<h1 class=\"wp-block-heading\">Akaju est pass\u00e9 par l\u00e0!<\/h1>\n\n\n\n<h3 class=\"wp-block-heading\">Anciens points de vente<\/h3>\n\n\n<div class=\"wp-block-image is-style-default\">\n<figure class=\"aligncenter size-large is-resized\"><img loading=\"lazy\" decoding=\"async\" width=\"1024\" height=\"724\" src=\"http:\/\/akaju.fr\/wp-content\/uploads\/2020\/03\/logo_O\u00e9B-1024x724.png\" alt=\"\" class=\"wp-image-2123\" style=\"width:212px;height:148px\" srcset=\"https:\/\/akaju.fr\/wp-content\/uploads\/2020\/03\/logo_O\u00e9B-1024x724.png 1024w, https:\/\/akaju.fr\/wp-content\/uploads\/2020\/03\/logo_O\u00e9B-300x212.png 300w, https:\/\/akaju.fr\/wp-content\/uploads\/2020\/03\/logo_O\u00e9B-768x543.png 768w, https:\/\/akaju.fr\/wp-content\/uploads\/2020\/03\/logo_O\u00e9B-1536x1086.png 1536w, https:\/\/akaju.fr\/wp-content\/uploads\/2020\/03\/logo_O\u00e9B-324x229.png 324w, https:\/\/akaju.fr\/wp-content\/uploads\/2020\/03\/logo_O\u00e9B-416x294.png 416w, https:\/\/akaju.fr\/wp-content\/uploads\/2020\/03\/logo_O\u00e9B.png 1768w\" sizes=\"auto, (max-width: 1024px) 100vw, 1024px\" \/><\/figure>\n<\/div>\n\n\n<p class=\"has-text-align-center has-medium-font-size\">Salon de coiffure O\u00e9B&nbsp;: 7 rue de Turenne \u00e0 GRENOBLE<\/p>\n\n\n<div class=\"wp-block-image is-style-default\">\n<figure class=\"aligncenter size-large is-resized\"><a href=\"https:\/\/boutique-revolution.com\/\" target=\"_blank\" rel=\"noopener\"><img loading=\"lazy\" decoding=\"async\" width=\"1024\" height=\"576\" src=\"http:\/\/akaju.fr\/wp-content\/uploads\/2021\/03\/revolution-1024x754-1-edited.jpg\" alt=\"\" class=\"wp-image-3223\" style=\"width:348px;height:195px\" srcset=\"https:\/\/akaju.fr\/wp-content\/uploads\/2021\/03\/revolution-1024x754-1-edited.jpg 1024w, https:\/\/akaju.fr\/wp-content\/uploads\/2021\/03\/revolution-1024x754-1-edited-300x169.jpg 300w, https:\/\/akaju.fr\/wp-content\/uploads\/2021\/03\/revolution-1024x754-1-edited-768x432.jpg 768w, https:\/\/akaju.fr\/wp-content\/uploads\/2021\/03\/revolution-1024x754-1-edited-324x182.jpg 324w, https:\/\/akaju.fr\/wp-content\/uploads\/2021\/03\/revolution-1024x754-1-edited-416x234.jpg 416w\" sizes=\"auto, (max-width: 1024px) 100vw, 1024px\" \/><\/a><\/figure>\n<\/div>\n\n\n<p class=\"has-text-align-center has-medium-font-size\">Galerie R\u00eav&rsquo;olution&nbsp;: 25 rue Servan \u00e0 GRENOBLE<\/p>\n\n\n<div class=\"wp-block-image is-style-default\">\n<figure class=\"aligncenter size-large is-resized\"><a href=\"https:\/\/drimmdrimm.fr\/\" target=\"_blank\" rel=\"noopener\"><img loading=\"lazy\" decoding=\"async\" width=\"565\" height=\"282\" src=\"http:\/\/akaju.fr\/wp-content\/uploads\/2020\/07\/logo_drimmdrimm_web-1.png\" alt=\"\" class=\"wp-image-2883\" style=\"width:342px;height:171px\" srcset=\"https:\/\/akaju.fr\/wp-content\/uploads\/2020\/07\/logo_drimmdrimm_web-1.png 565w, https:\/\/akaju.fr\/wp-content\/uploads\/2020\/07\/logo_drimmdrimm_web-1-300x150.png 300w, https:\/\/akaju.fr\/wp-content\/uploads\/2020\/07\/logo_drimmdrimm_web-1-324x162.png 324w, https:\/\/akaju.fr\/wp-content\/uploads\/2020\/07\/logo_drimmdrimm_web-1-416x208.png 416w\" sizes=\"auto, (max-width: 565px) 100vw, 565px\" \/><\/a><\/figure>\n<\/div>\n\n\n<p class=\"has-text-align-center has-medium-font-size\">Boutique de cr\u00e9ateurs Drimm Drimm: \u00e9cocentre, 441 rue Charles de Gaulle<br>38920 CROLLES<\/p>\n\n\n<div class=\"wp-block-image is-style-default\">\n<figure class=\"aligncenter size-large is-resized\"><a href=\"https:\/\/www.natureetdecouvertes.com\/produit\/ShopProducts\/2770\" target=\"_blank\" rel=\"noopener\"><img loading=\"lazy\" decoding=\"async\" width=\"1024\" height=\"672\" src=\"http:\/\/akaju.fr\/wp-content\/uploads\/2020\/08\/logo-nature-et-decouvertes-2-1024x672-1.jpg\" alt=\"\" class=\"wp-image-2889\" style=\"width:347px;height:227px\" srcset=\"https:\/\/akaju.fr\/wp-content\/uploads\/2020\/08\/logo-nature-et-decouvertes-2-1024x672-1.jpg 1024w, https:\/\/akaju.fr\/wp-content\/uploads\/2020\/08\/logo-nature-et-decouvertes-2-1024x672-1-300x197.jpg 300w, https:\/\/akaju.fr\/wp-content\/uploads\/2020\/08\/logo-nature-et-decouvertes-2-1024x672-1-768x504.jpg 768w, https:\/\/akaju.fr\/wp-content\/uploads\/2020\/08\/logo-nature-et-decouvertes-2-1024x672-1-324x213.jpg 324w, https:\/\/akaju.fr\/wp-content\/uploads\/2020\/08\/logo-nature-et-decouvertes-2-1024x672-1-416x273.jpg 416w\" sizes=\"auto, (max-width: 1024px) 100vw, 1024px\" \/><\/a><\/figure>\n<\/div>\n\n<div class=\"wp-block-image is-style-default\">\n<figure class=\"aligncenter size-large is-resized\"><a href=\"https:\/\/nouveauxdesigns.fr\/\" target=\"_blank\" rel=\"noopener\"><img loading=\"lazy\" decoding=\"async\" width=\"472\" height=\"559\" src=\"http:\/\/akaju.fr\/wp-content\/uploads\/2021\/03\/Logo-Atelier-des-ND-Couleurs.png\" alt=\"\" class=\"wp-image-3221\" style=\"width:197px;height:234px\" srcset=\"https:\/\/akaju.fr\/wp-content\/uploads\/2021\/03\/Logo-Atelier-des-ND-Couleurs.png 472w, https:\/\/akaju.fr\/wp-content\/uploads\/2021\/03\/Logo-Atelier-des-ND-Couleurs-253x300.png 253w, https:\/\/akaju.fr\/wp-content\/uploads\/2021\/03\/Logo-Atelier-des-ND-Couleurs-324x384.png 324w, https:\/\/akaju.fr\/wp-content\/uploads\/2021\/03\/Logo-Atelier-des-ND-Couleurs-416x493.png 416w\" sizes=\"auto, (max-width: 472px) 100vw, 472px\" \/><\/a><\/figure>\n<\/div>\n\n\n<p class=\"has-text-align-center has-medium-font-size\">L&rsquo;atelier des nouveaux designs&nbsp;: 49 rue Smith, 69002 Lyon<\/p>\n\n\n<div class=\"wp-block-image is-style-default\">\n<figure class=\"aligncenter size-large is-resized\"><a href=\"https:\/\/www.facebook.com\/100pour100Francais\/\" target=\"_blank\" rel=\"noopener\"><img loading=\"lazy\" decoding=\"async\" width=\"591\" height=\"591\" src=\"http:\/\/akaju.fr\/wp-content\/uploads\/2021\/03\/logo-cent-pour-cent-francais.jpg\" alt=\"\" class=\"wp-image-3224\" style=\"width:277px;height:277px\" srcset=\"https:\/\/akaju.fr\/wp-content\/uploads\/2021\/03\/logo-cent-pour-cent-francais.jpg 591w, https:\/\/akaju.fr\/wp-content\/uploads\/2021\/03\/logo-cent-pour-cent-francais-300x300.jpg 300w, https:\/\/akaju.fr\/wp-content\/uploads\/2021\/03\/logo-cent-pour-cent-francais-150x150.jpg 150w, https:\/\/akaju.fr\/wp-content\/uploads\/2021\/03\/logo-cent-pour-cent-francais-324x324.jpg 324w, https:\/\/akaju.fr\/wp-content\/uploads\/2021\/03\/logo-cent-pour-cent-francais-416x416.jpg 416w, https:\/\/akaju.fr\/wp-content\/uploads\/2021\/03\/logo-cent-pour-cent-francais-100x100.jpg 100w\" sizes=\"auto, (max-width: 591px) 100vw, 591px\" \/><\/a><\/figure>\n<\/div>\n\n\n<p class=\"has-text-align-center has-medium-font-size\">Cent pour cent fran\u00e7ais&nbsp;: 11 rue des clercs, 38000 Grenoble<\/p>\n\n\n<div class=\"wp-block-image\">\n<figure class=\"aligncenter size-full\"><img loading=\"lazy\" decoding=\"async\" width=\"225\" height=\"225\" src=\"http:\/\/akaju.fr\/wp-content\/uploads\/2021\/09\/logo-alma.png\" alt=\"\" class=\"wp-image-3347\" srcset=\"https:\/\/akaju.fr\/wp-content\/uploads\/2021\/09\/logo-alma.png 225w, https:\/\/akaju.fr\/wp-content\/uploads\/2021\/09\/logo-alma-150x150.png 150w, https:\/\/akaju.fr\/wp-content\/uploads\/2021\/09\/logo-alma-100x100.png 100w\" sizes=\"auto, (max-width: 225px) 100vw, 225px\" \/><\/figure>\n<\/div>\n\n\n<p class=\"has-text-align-center has-medium-font-size\">Alma Slow concept 1, rue Abb\u00e9 de la Salle, Grenoble<\/p>\n\n\n\n<p><\/p>\n","protected":false},"excerpt":{"rendered":"<p>Retrouvez certains mod\u00e8les des bijoux Akaju dans vos boutiques pr\u00e9f\u00e9r\u00e9es. 12 place du Vernon 38410 Chamrousse Le Grand S\u00e9choir | Maison du pays de la noix705 route de Grenoble38 470 VINAY Office de tourisme de Grenoble ici pr\u00e9sent Akaju est pass\u00e9 par l\u00e0! Anciens points de vente Salon de coiffure O\u00e9B&nbsp;: 7 rue de Turenne [&hellip;]<\/p>\n","protected":false},"author":2,"featured_media":0,"parent":0,"menu_order":0,"comment_status":"closed","ping_status":"closed","template":"","meta":{"footnotes":""},"class_list":["post-2120","page","type-page","status-publish","hentry"],"aioseo_notices":[],"_links":{"self":[{"href":"https:\/\/akaju.fr\/index.php\/wp-json\/wp\/v2\/pages\/2120","targetHints":{"allow":["GET"]}}],"collection":[{"href":"https:\/\/akaju.fr\/index.php\/wp-json\/wp\/v2\/pages"}],"about":[{"href":"https:\/\/akaju.fr\/index.php\/wp-json\/wp\/v2\/types\/page"}],"author":[{"embeddable":true,"href":"https:\/\/akaju.fr\/index.php\/wp-json\/wp\/v2\/users\/2"}],"replies":[{"embeddable":true,"href":"https:\/\/akaju.fr\/index.php\/wp-json\/wp\/v2\/comments?post=2120"}],"version-history":[{"count":15,"href":"https:\/\/akaju.fr\/index.php\/wp-json\/wp\/v2\/pages\/2120\/revisions"}],"predecessor-version":[{"id":3682,"href":"https:\/\/akaju.fr\/index.php\/wp-json\/wp\/v2\/pages\/2120\/revisions\/3682"}],"wp:attachment":[{"href":"https:\/\/akaju.fr\/index.php\/wp-json\/wp\/v2\/media?parent=2120"}],"curies":[{"name":"wp","href":"https:\/\/api.w.org\/{rel}","templated":true}]}}