{"id":3081,"date":"2021-02-03T18:49:52","date_gmt":"2021-02-03T17:49:52","guid":{"rendered":"http:\/\/akaju.fr\/?page_id=3081"},"modified":"2021-04-23T17:43:28","modified_gmt":"2021-04-23T15:43:28","slug":"qui-suis-je","status":"publish","type":"page","link":"https:\/\/akaju.fr\/index.php\/qui-suis-je\/","title":{"rendered":"Qui suis-je?"},"content":{"rendered":"\n<div class=\"wp-block-media-text alignwide is-stacked-on-mobile is-vertically-aligned-bottom\" style=\"grid-template-columns:31% auto\"><figure class=\"wp-block-media-text__media\"><img loading=\"lazy\" decoding=\"async\" width=\"683\" height=\"1024\" src=\"http:\/\/akaju.fr\/wp-content\/uploads\/2021\/02\/photo-creatrice-akaju-ovale.jpg\" alt=\"\" class=\"wp-image-3082 size-full\" srcset=\"https:\/\/akaju.fr\/wp-content\/uploads\/2021\/02\/photo-creatrice-akaju-ovale.jpg 683w, https:\/\/akaju.fr\/wp-content\/uploads\/2021\/02\/photo-creatrice-akaju-ovale-200x300.jpg 200w, https:\/\/akaju.fr\/wp-content\/uploads\/2021\/02\/photo-creatrice-akaju-ovale-324x486.jpg 324w, https:\/\/akaju.fr\/wp-content\/uploads\/2021\/02\/photo-creatrice-akaju-ovale-416x624.jpg 416w\" sizes=\"auto, (max-width: 683px) 100vw, 683px\" \/><\/figure><div class=\"wp-block-media-text__content\">\n<p class=\"has-large-font-size\">Ou plut\u00f4t que vois-je&nbsp;?<\/p>\n\n\n\n<p>Pas de boule de cristal ici, juste un regard d\u2019enfant dans un corps d\u2019adulte, qui peut s\u2019extasier devant une tranche de betterave chioggia (ou de carotte, la chioggia c\u2019\u00e9tait juste pour vous montrer ma culture l\u00e9gumi\u00e8re) et passer plus de temps que pr\u00e9vu \u00e0 pr\u00e9parer le repas. Bref, je n\u2019aime pas que les l\u00e9gumes et c\u2019\u00e9tait surtout pour vous parler du quotidien. Banal vous croyez&nbsp;? Tout d\u00e9pend de la vitesse \u00e0 laquelle on l\u2019aborde ou du moins de l\u2019attention avec laquelle on l\u2019aborde, mais cela semble assez li\u00e9.<\/p>\n\n\n\n<p>Je m\u2019explique, quand on regarde un paysage, un objet, on peut dire par exemple&nbsp;: \u00ab&nbsp;c\u2019est un paysage de montagne&nbsp;\u00bb ou \u00ab&nbsp;c\u2019est une feuille&nbsp;\u00bb. Mais on peut aller plus en d\u00e9tail en se disant, \u00ab&nbsp;c\u2019est un paysage de montagne en automne, les arbres sont flamboyants et offrent un tr\u00e8s beau contraste avec la montagne bleut\u00e9e, des nuages l\u00e9gers passent au dessus de son sommet\u2026&nbsp;\u00bb ou \u00ab&nbsp;c\u2019est une feuille qui a des petites taches, \u00e0 la lumi\u00e8re elle a une jolie couleur et des d\u00e9tails de ses nervures apparaissent\u2026&nbsp;\u00bb. Finalement, quand on veut faire une description plus pouss\u00e9e de quelque chose, cela suppose de prendre le temps de lui porter une attention plus pouss\u00e9e, moins superficielle, et c\u2019est l\u00e0 que je veux vous amener.<\/p>\n<\/div><\/div>\n\n\n\n<h3 class=\"wp-block-heading\">La conscience de l&rsquo;importance des choses d\u00e9coule de notre lien avec elles.<\/h3>\n\n\n\n<p>Je voudrais vous amener \u00e0 observer ce qui nous entoure avec une attention particuli\u00e8re, parce que lorsque l\u2019on observe plus, on conna\u00eet mieux et quand on conna\u00eet mieux, on commence \u00e0 tisser un certain lien, et quand il y a du lien, il y a une affection qui peut se d\u00e9velopper, et l\u2019envie de prendre soin de ce qu\u2019on affectionne.<\/p>\n\n\n\n<p>Vous l\u2019aurez compris, la pr\u00e9servation et le respect des ressources naturelles sont au c\u0153ur de ma d\u00e9marche de cr\u00e9ation J\u2019adore observer les d\u00e9tails des choses qui m\u2019entourent et en particulier les d\u00e9tails que nous offre le monde naturel, j\u2019y vois un potentiel contemplatif et cr\u00e9atif vraiment vaste et c\u2019est ce que j\u2019aimerais partager avec vous \u00e0 travers la cr\u00e9ation de bijoux. Ils sont cr\u00e9es \u00e0 partir de \u00ab\u00a0d\u00e9tails\u00a0\u00bb naturels, de petits objets r\u00e9colt\u00e9s \u00e7a et l\u00e0 en Is\u00e8re ou r\u00e9cup\u00e9r\u00e9s et retravaill\u00e9s pour vous permettre de les porter. Pour vous offrir une touche d\u2019originalit\u00e9 avec des bijoux qui respectent vos valeurs \u00e9cologiques. J\u2019aime aussi prendre les d\u00e9tails de la nature en photo ou cr\u00e9er des illustrations inspir\u00e9es du monde naturel, mais c\u2019est un autre sujet, ou peut-\u00eatre de futures cr\u00e9ations sur ce site.<\/p>\n\n\n\n<p>Retrouvez toutes les cr\u00e9ations <a href=\"http:\/\/akaju.fr\/index.php\/boutique\/\" target=\"_blank\" rel=\"noreferrer noopener\">ici.<\/a><\/p>\n\n\n\n<p>Pour en savoir plus sur le processus de cr\u00e9ation et la fabrication des bijoux, je vous invite \u00e0 consulter mon <a href=\"http:\/\/akaju.fr\/index.php\/a-propos\/\" target=\"_blank\" rel=\"noreferrer noopener\">\u00ab\u00a0\u00e0 propos\u00a0\u00bb.<\/a><\/p>\n\n\n\n<p><\/p>\n","protected":false},"excerpt":{"rendered":"<p>Ou plut\u00f4t que vois-je&nbsp;? Pas de boule de cristal ici, juste un regard d\u2019enfant dans un corps d\u2019adulte, qui peut s\u2019extasier devant une tranche de betterave chioggia (ou de carotte, la chioggia c\u2019\u00e9tait juste pour vous montrer ma culture l\u00e9gumi\u00e8re) et passer plus de temps que pr\u00e9vu \u00e0 pr\u00e9parer le repas. Bref, je n\u2019aime pas [&hellip;]<\/p>\n","protected":false},"author":2,"featured_media":0,"parent":0,"menu_order":0,"comment_status":"closed","ping_status":"closed","template":"","meta":{"footnotes":""},"class_list":["post-3081","page","type-page","status-publish","hentry"],"aioseo_notices":[],"_links":{"self":[{"href":"https:\/\/akaju.fr\/index.php\/wp-json\/wp\/v2\/pages\/3081","targetHints":{"allow":["GET"]}}],"collection":[{"href":"https:\/\/akaju.fr\/index.php\/wp-json\/wp\/v2\/pages"}],"about":[{"href":"https:\/\/akaju.fr\/index.php\/wp-json\/wp\/v2\/types\/page"}],"author":[{"embeddable":true,"href":"https:\/\/akaju.fr\/index.php\/wp-json\/wp\/v2\/users\/2"}],"replies":[{"embeddable":true,"href":"https:\/\/akaju.fr\/index.php\/wp-json\/wp\/v2\/comments?post=3081"}],"version-history":[{"count":18,"href":"https:\/\/akaju.fr\/index.php\/wp-json\/wp\/v2\/pages\/3081\/revisions"}],"predecessor-version":[{"id":3288,"href":"https:\/\/akaju.fr\/index.php\/wp-json\/wp\/v2\/pages\/3081\/revisions\/3288"}],"wp:attachment":[{"href":"https:\/\/akaju.fr\/index.php\/wp-json\/wp\/v2\/media?parent=3081"}],"curies":[{"name":"wp","href":"https:\/\/api.w.org\/{rel}","templated":true}]}}