{"id":62,"date":"2019-12-01T19:51:02","date_gmt":"2019-12-01T18:51:02","guid":{"rendered":"http:\/\/akaju.fr\/?page_id=62"},"modified":"2021-04-23T14:21:37","modified_gmt":"2021-04-23T12:21:37","slug":"a-propos","status":"publish","type":"page","link":"https:\/\/akaju.fr\/index.php\/a-propos\/","title":{"rendered":"\u00c0 propos"},"content":{"rendered":"\n<div class=\"wp-block-group\"><div class=\"wp-block-group__inner-container is-layout-flow wp-block-group-is-layout-flow\">\n<div class=\"wp-block-media-text alignwide is-stacked-on-mobile is-vertically-aligned-center\" style=\"grid-template-columns:24% auto\"><figure class=\"wp-block-media-text__media\"><img decoding=\"async\" src=\"http:\/\/akaju.fr\/wp-content\/uploads\/2020\/01\/champignon-1.jpg\" alt=\"\" class=\"wp-image-353 size-full\"\/><\/figure><div class=\"wp-block-media-text__content\">\n<p class=\"has-normal-font-size\"> Au d\u00e9part il y a la curiosit\u00e9\u2026 l\u2019\u00e9merveillement devant les petites  choses que nous offre le quotidien, l\u2019intense couleur d\u2019une feuille  d\u2019automne, un tronc noueux, de surprenantes graines rencontr\u00e9es au  hasard d\u2019une sortie en for\u00eat. Il y a aussi cette conscience de la  fragilit\u00e9 de nos ressources qui s\u2019amenuisent et sont gaspill\u00e9es tous les  jours. <\/p>\n<\/div><\/div>\n<\/div><\/div>\n\n\n\n<p>C\u2019est pourquoi les choses doivent \u00eatre faites avec du sens. Akaju est n\u00e9e d\u2019une envie de cr\u00e9er des bijoux originaux dans le respect des ressources naturelles, avec comme unique (et vaste) source d\u2019inspiration, les \u00e9l\u00e9ments de r\u00e9cup\u00e9ration, en particulier les \u00e9l\u00e9ments naturels.  \u00c9tant bas\u00e9e \u00e0 Grenoble, je vais chercher les mati\u00e8res premi\u00e8res sur place ou aux alentours, elles sont issues de r\u00e9cup\u00e9rations diverses (bois d\u2019\u00e9lagage, graines en for\u00eat ou en ville, <a href=\"https:\/\/fr.wikipedia.org\/wiki\/Surcyclage\" target=\"_blank\" rel=\"noreferrer noopener\">surcyclage<\/a> de papiers de rebut d\u2019imprimerie\u2026) puis travaill\u00e9es \u00e0 la main \u00e0 l\u2019atelier. J\u2019ai \u00e0 c\u0153ur d\u2019intervenir dans presque toutes les \u00e9tapes de fabrication, de la r\u00e9colte des mati\u00e8res, \u00e0 l\u2019emballage des bijoux finis. Apr\u00e8s r\u00e9colte des mati\u00e8res brutes, je les pr\u00e9pare en vue de leur transformation (d\u00e9corticage, lavage, per\u00e7age, d\u00e9coupe, pon\u00e7age\u2026), puis je d\u00e9core patiemment \u00e0 la main tous les petits \u00e9l\u00e9ments de bois qui composent certains bijoux.<\/p>\n\n\n\n<h4 class=\"wp-block-heading\">Comment sont con\u00e7us les mod\u00e8les?<\/h4>\n\n\n\n<p>Pour la conception des mod\u00e8les, je me laisse souvent inspirer et surprendre par ce que j\u2019ai devant les yeux, je d\u00e9coupe, j\u2019observe, assemble. Les choses prennent forme souvent naturellement. Les motifs dont je d\u00e9core certains bijoux sont \u00e9labor\u00e9s sur papier avant de se voir reproduits sur le bois. Les \u00e9l\u00e9ments en m\u00e9tal, quant \u00e0 eux sont s\u00e9lectionn\u00e9s pour \u00e9viter les allergies, le laiton est brut (il ne contient que du cuivre et du zinc, pas de nickel de cadmium ni de plomb), et travaill\u00e9 \u00e0 la main\u00a0; les \u00e9l\u00e9ments argent\u00e9s sont en acier inoxydable (il peut contenir du nickel, mais celui-ci n\u2019est pas rel\u00e2ch\u00e9 sur la peau, ce qui \u00e9limine les risques d\u2019allergie). Enfin l\u2019emballage est en papier kraft non blanchi, ou en carton recycl\u00e9. Les \u00e9l\u00e9ments de d\u00e9cor en papier sont issus de papiers de r\u00e9cup\u00e9ration.  <\/p>\n\n\n\n<p>Au fil du temps je recherche toujours des solutions pour am\u00e9liorer les proc\u00e9d\u00e9s de fabrication, trouver des fournisseurs qui r\u00e9pondent \u00e0 mes exigences, ou faire le plus de choses par moi m\u00eame dans le but de proposer des produits de qualit\u00e9, \u00e0 l\u2019impact environnemental toujours plus r\u00e9duit. J&rsquo;aimerais, par le biais de mes bijoux, pouvoir prouver que l&rsquo;on peut valoriser la plupart des ressources gaspill\u00e9es ou inutilis\u00e9es et jet\u00e9es qui nous entourent.<\/p>\n\n\n\n<p>Pour en savoir plus sur les mains et la t\u00eate qui cr\u00e9ent et confectionnent ces bijoux, jetez un \u0153il <a href=\"http:\/\/akaju.fr\/index.php\/qui-suis-je\/\" target=\"_blank\" rel=\"noreferrer noopener\">ici.<\/a><\/p>\n\n\n\n<p><\/p>\n","protected":false},"excerpt":{"rendered":"<p>Au d\u00e9part il y a la curiosit\u00e9\u2026 l\u2019\u00e9merveillement devant les petites choses que nous offre le quotidien, l\u2019intense couleur d\u2019une feuille d\u2019automne, un tronc noueux, de surprenantes graines rencontr\u00e9es au hasard d\u2019une sortie en for\u00eat. Il y a aussi cette conscience de la fragilit\u00e9 de nos ressources qui s\u2019amenuisent et sont gaspill\u00e9es tous les jours. [&hellip;]<\/p>\n","protected":false},"author":2,"featured_media":0,"parent":0,"menu_order":0,"comment_status":"closed","ping_status":"closed","template":"","meta":{"footnotes":""},"class_list":["post-62","page","type-page","status-publish","hentry"],"aioseo_notices":[],"_links":{"self":[{"href":"https:\/\/akaju.fr\/index.php\/wp-json\/wp\/v2\/pages\/62","targetHints":{"allow":["GET"]}}],"collection":[{"href":"https:\/\/akaju.fr\/index.php\/wp-json\/wp\/v2\/pages"}],"about":[{"href":"https:\/\/akaju.fr\/index.php\/wp-json\/wp\/v2\/types\/page"}],"author":[{"embeddable":true,"href":"https:\/\/akaju.fr\/index.php\/wp-json\/wp\/v2\/users\/2"}],"replies":[{"embeddable":true,"href":"https:\/\/akaju.fr\/index.php\/wp-json\/wp\/v2\/comments?post=62"}],"version-history":[{"count":16,"href":"https:\/\/akaju.fr\/index.php\/wp-json\/wp\/v2\/pages\/62\/revisions"}],"predecessor-version":[{"id":3244,"href":"https:\/\/akaju.fr\/index.php\/wp-json\/wp\/v2\/pages\/62\/revisions\/3244"}],"wp:attachment":[{"href":"https:\/\/akaju.fr\/index.php\/wp-json\/wp\/v2\/media?parent=62"}],"curies":[{"name":"wp","href":"https:\/\/api.w.org\/{rel}","templated":true}]}}