{"id":250,"date":"2019-12-28T13:01:44","date_gmt":"2019-12-28T12:01:44","guid":{"rendered":"http:\/\/akaju.fr\/?post_type=product&#038;p=250"},"modified":"2022-07-11T15:41:21","modified_gmt":"2022-07-11T13:41:21","slug":"boucles-doreilles-migramah","status":"publish","type":"product","link":"https:\/\/akaju.fr\/index.php\/produit\/boucles-doreilles-migramah\/","title":{"rendered":"Boucles d&rsquo;oreilles Migramah"},"content":{"rendered":"<p>Qui a d\u00e9j\u00e0 fait des bracelets br\u00e9siliens \u00e9tant enfant (ou non) ou du macram\u00e9, sait que le tressage a un effet relaxant. Ces boucles d\u2019oreilles ont \u00e9t\u00e9 tress\u00e9es \u00e0 la main, avec du fil de coton cir\u00e9. Les fils ont \u00e9t\u00e9 cousus entre eux pour \u00eatre maintenus en place puis, le tout \u00e0 \u00e9t\u00e9 cousu sur un petit disque de coton noir de r\u00e9cup\u00e9ration, renfermant le clou d\u2019oreille en inoxydable (sans allerg\u00e8nes). Ces petites fleurs en macram\u00e9 viendront orner vos oreilles de leur forme \u00e9pur\u00e9e et g\u00e9om\u00e9trique et apporter une petite touche de zen \u00e0 votre tenue. Elles mesurent environ 2cm de diam\u00e8tre.<\/p>\n<p>Afin de garder vos boucles d\u2019oreilles le plus longtemps possible, je vous conseille de les ranger dans un endroit sec (\u00e9viter la salle de bain), d\u2019\u00e9viter le contact avec l\u2019eau (les enlever avant de prendre votre douche), ou une exposition au soleil trop prolong\u00e9e, \u00e9viter le contact avec le parfum, les enlever avant d\u2019aller vous coucher ou d\u2019aller faire du sport.<\/p>\n","protected":false},"excerpt":{"rendered":"<p>Zen et g\u00e9om\u00e9triques, fleurs en macram\u00e9 et tissu de r\u00e9cup\u00e9ration, mont\u00e9es sur clous d\u2019oreilles en acier inoxydable (ne provoque pas d&rsquo;allergies).<\/p>\n","protected":false},"featured_media":2683,"comment_status":"open","ping_status":"closed","template":"","meta":[],"product_brand":[],"product_cat":[24],"product_tag":[],"class_list":{"0":"post-250","1":"product","2":"type-product","3":"status-publish","4":"has-post-thumbnail","6":"product_cat-boucles-doreilles","8":"first","9":"instock","10":"shipping-taxable","11":"purchasable","12":"product-type-simple"},"aioseo_notices":[],"_links":{"self":[{"href":"https:\/\/akaju.fr\/index.php\/wp-json\/wp\/v2\/product\/250","targetHints":{"allow":["GET"]}}],"collection":[{"href":"https:\/\/akaju.fr\/index.php\/wp-json\/wp\/v2\/product"}],"about":[{"href":"https:\/\/akaju.fr\/index.php\/wp-json\/wp\/v2\/types\/product"}],"replies":[{"embeddable":true,"href":"https:\/\/akaju.fr\/index.php\/wp-json\/wp\/v2\/comments?post=250"}],"wp:featuredmedia":[{"embeddable":true,"href":"https:\/\/akaju.fr\/index.php\/wp-json\/wp\/v2\/media\/2683"}],"wp:attachment":[{"href":"https:\/\/akaju.fr\/index.php\/wp-json\/wp\/v2\/media?parent=250"}],"wp:term":[{"taxonomy":"product_brand","embeddable":true,"href":"https:\/\/akaju.fr\/index.php\/wp-json\/wp\/v2\/product_brand?post=250"},{"taxonomy":"product_cat","embeddable":true,"href":"https:\/\/akaju.fr\/index.php\/wp-json\/wp\/v2\/product_cat?post=250"},{"taxonomy":"product_tag","embeddable":true,"href":"https:\/\/akaju.fr\/index.php\/wp-json\/wp\/v2\/product_tag?post=250"}],"curies":[{"name":"wp","href":"https:\/\/api.w.org\/{rel}","templated":true}]}}