{"id":262,"date":"2019-12-28T14:07:00","date_gmt":"2019-12-28T13:07:00","guid":{"rendered":"http:\/\/akaju.fr\/?post_type=product&#038;p=262"},"modified":"2026-03-01T23:13:36","modified_gmt":"2026-03-01T22:13:36","slug":"boucles-doreille-dervenn","status":"publish","type":"product","link":"https:\/\/akaju.fr\/index.php\/produit\/boucles-doreille-dervenn\/","title":{"rendered":"Boucles d&rsquo;oreilles Dervenn"},"content":{"rendered":"<p><span style=\"font-family: Liberation Serif, serif;\">\u00c9<\/span>l\u00e9ments int\u00e9ressants que sont les \u00ab&nbsp;petits chapeaux&nbsp;\u00bb des glands, botaniquement appel\u00e9s cupules, ils varient en taille et en forme en fonction de la vari\u00e9t\u00e9 de ch\u00eane. Pour ces boucles d\u2019oreilles, j\u2019ai personnalis\u00e9 ces mini bols naturels (r\u00e9colt\u00e9s aux alentours de Grenoble) en les ornant d\u2019un bleu turquoise l\u00e9g\u00e8rement iris\u00e9 et de dor\u00e9, rehaussant le caract\u00e8re de ces boucles d\u2019oreilles, petites mais originales de par leur forme inhabituelle. Les clous sont en acier inoxydable (hypoallerg\u00e9nique). Ces puces ont un diam\u00e8tre d\u2019environ 1cm. \u00c9tant fabriqu\u00e9es \u00e0 base d&rsquo;\u00e9l\u00e9ments naturels, elles peuvent l\u00e9g\u00e8rement diff\u00e9rer de celles pr\u00e9sent\u00e9es sur les photos.<\/p>\n<p>Afin de garder vos puces d\u2019oreilles le plus longtemps possible, je vous conseille de les ranger dans un endroit sec (\u00e9viter la salle de bain), d\u2019\u00e9viter le contact avec l\u2019eau (les enlever avant de prendre votre douche), ou une exposition au soleil trop prolong\u00e9e, \u00e9viter le contact avec le parfum, les enlever avant d\u2019aller vous coucher ou d\u2019aller faire du sport.<\/p>\n","protected":false},"excerpt":{"rendered":"<p>Puces d\u2019oreilles \u00e0 la forme inattendue, en cupules de gland de ch\u00eane, clous en acier inoxydable (hypoallerg\u00e9nique).<\/p>\n","protected":false},"featured_media":3493,"comment_status":"open","ping_status":"closed","template":"","meta":[],"product_brand":[],"product_cat":[24],"product_tag":[],"class_list":{"0":"post-262","1":"product","2":"type-product","3":"status-publish","4":"has-post-thumbnail","6":"product_cat-boucles-doreilles","8":"first","9":"instock","10":"shipping-taxable","11":"purchasable","12":"product-type-simple"},"aioseo_notices":[],"_links":{"self":[{"href":"https:\/\/akaju.fr\/index.php\/wp-json\/wp\/v2\/product\/262","targetHints":{"allow":["GET"]}}],"collection":[{"href":"https:\/\/akaju.fr\/index.php\/wp-json\/wp\/v2\/product"}],"about":[{"href":"https:\/\/akaju.fr\/index.php\/wp-json\/wp\/v2\/types\/product"}],"replies":[{"embeddable":true,"href":"https:\/\/akaju.fr\/index.php\/wp-json\/wp\/v2\/comments?post=262"}],"wp:featuredmedia":[{"embeddable":true,"href":"https:\/\/akaju.fr\/index.php\/wp-json\/wp\/v2\/media\/3493"}],"wp:attachment":[{"href":"https:\/\/akaju.fr\/index.php\/wp-json\/wp\/v2\/media?parent=262"}],"wp:term":[{"taxonomy":"product_brand","embeddable":true,"href":"https:\/\/akaju.fr\/index.php\/wp-json\/wp\/v2\/product_brand?post=262"},{"taxonomy":"product_cat","embeddable":true,"href":"https:\/\/akaju.fr\/index.php\/wp-json\/wp\/v2\/product_cat?post=262"},{"taxonomy":"product_tag","embeddable":true,"href":"https:\/\/akaju.fr\/index.php\/wp-json\/wp\/v2\/product_tag?post=262"}],"curies":[{"name":"wp","href":"https:\/\/api.w.org\/{rel}","templated":true}]}}