{"id":2782,"date":"2020-05-06T12:36:20","date_gmt":"2020-05-06T10:36:20","guid":{"rendered":"http:\/\/akaju.fr\/?post_type=product&#038;p=2782"},"modified":"2024-01-22T19:01:49","modified_gmt":"2024-01-22T18:01:49","slug":"bracelet-enso-personnalisable","status":"publish","type":"product","link":"https:\/\/akaju.fr\/index.php\/produit\/bracelet-enso-personnalisable\/","title":{"rendered":"Bracelet Ens\u014d (personnalisable)"},"content":{"rendered":"<p>Un petit concentr\u00e9 de Japon \u00e0 votre bras, c&rsquo;est ce que vous promet ce bracelet illustr\u00e9 de motifs tels que les fameuses vagues \u00ab\u00a0seigaiha\u00a0\u00bb qui signifie \u00ab\u00a0vagues de la mer bleue\u00a0\u00bb. Constitu\u00e9 de cercles concentriques qui se chevauchent, ce motif symbolise la mer calme, la force tranquille et la bonne fortune. \u00ab\u00a0Ens\u014d\u00a0\u00bb signifie d&rsquo;ailleurs \u00ab\u00a0cercle\u00a0\u00bb en japonais. Le noir profond des motifs contrastant avec le pompon qui lui donne sa note d&rsquo;\u00e9nergie color\u00e9e en font un bracelet au caract\u00e8re affirm\u00e9. Il saura donner une touche d&rsquo;originalit\u00e9 \u00e0 vos tenues, et s&rsquo;adaptera \u00e0 vos go\u00fbts puisque le pompon est disponible dans une petite dizaine de teintes. Il a \u00e9t\u00e9 enti\u00e8rement fait \u00e0 la main \u00e0 Grenoble. Le bois (h\u00eatre, charme, essences de couleur claire) est issu de r\u00e9cup\u00e9ration dans les alentours de Grenoble (\u00e9lagage, for\u00eat&#8230;), et n&rsquo;est jamais abattu sp\u00e9cialement pour les bijoux. Les branches sont ensuite coup\u00e9es en rondelles, perc\u00e9es, ponc\u00e9es et d\u00e9cor\u00e9es une \u00e0 une \u00e0 la main. Le pompon est \u00e9galement r\u00e9alis\u00e9 par mes soins et le cordon est en coton cir\u00e9 (brun) ce qui \u00e9limine le risque d&rsquo;allergie. Enfin, le bracelet peut se r\u00e9gler au moyen de liens coulissants dans des petites perles de bois. Les trois plus grosses rondelles de bois mesurent environ 2 cm de diam\u00e8tre et les petites environ 1 cm de diam\u00e8tre, le pompon mesure environ 2,5 cm. \u00c9tant fabriqu\u00e9s \u00e0 base d\u2019\u00e9l\u00e9ments naturels, il peut exister de l\u00e9g\u00e8res diff\u00e9rences entre deux mod\u00e8les.<\/p>\n<p>Afin de garder votre bracelet le plus longtemps possible, je vous conseille de le ranger dans un endroit sec (\u00e9viter la salle de bain), d\u2019\u00e9viter le contact avec l\u2019eau (l\u2019enlever avant de prendre votre douche), ou une exposition au soleil trop prolong\u00e9e, \u00e9viter le contact avec le parfum, l\u2019enlever avant d\u2019aller vous coucher ou d\u2019aller faire du sport.<\/p>\n","protected":false},"excerpt":{"rendered":"<p>Graphique et g\u00e9om\u00e9trique, bracelet fait main, en bois et coton cir\u00e9, orn\u00e9 d&rsquo;un pompon de la couleur de votre choix.<\/p>\n","protected":false},"featured_media":2686,"comment_status":"open","ping_status":"closed","template":"","meta":[],"product_brand":[],"product_cat":[21,27],"product_tag":[],"class_list":{"0":"post-2782","1":"product","2":"type-product","3":"status-publish","4":"has-post-thumbnail","6":"product_cat-bracelet","7":"product_cat-femme","9":"first","10":"instock","11":"shipping-taxable","12":"purchasable","13":"product-type-variable"},"aioseo_notices":[],"_links":{"self":[{"href":"https:\/\/akaju.fr\/index.php\/wp-json\/wp\/v2\/product\/2782","targetHints":{"allow":["GET"]}}],"collection":[{"href":"https:\/\/akaju.fr\/index.php\/wp-json\/wp\/v2\/product"}],"about":[{"href":"https:\/\/akaju.fr\/index.php\/wp-json\/wp\/v2\/types\/product"}],"replies":[{"embeddable":true,"href":"https:\/\/akaju.fr\/index.php\/wp-json\/wp\/v2\/comments?post=2782"}],"wp:featuredmedia":[{"embeddable":true,"href":"https:\/\/akaju.fr\/index.php\/wp-json\/wp\/v2\/media\/2686"}],"wp:attachment":[{"href":"https:\/\/akaju.fr\/index.php\/wp-json\/wp\/v2\/media?parent=2782"}],"wp:term":[{"taxonomy":"product_brand","embeddable":true,"href":"https:\/\/akaju.fr\/index.php\/wp-json\/wp\/v2\/product_brand?post=2782"},{"taxonomy":"product_cat","embeddable":true,"href":"https:\/\/akaju.fr\/index.php\/wp-json\/wp\/v2\/product_cat?post=2782"},{"taxonomy":"product_tag","embeddable":true,"href":"https:\/\/akaju.fr\/index.php\/wp-json\/wp\/v2\/product_tag?post=2782"}],"curies":[{"name":"wp","href":"https:\/\/api.w.org\/{rel}","templated":true}]}}