{"id":2785,"date":"2020-05-05T18:22:51","date_gmt":"2020-05-05T16:22:51","guid":{"rendered":"http:\/\/akaju.fr\/?post_type=product&#038;p=2785"},"modified":"2022-07-11T15:41:21","modified_gmt":"2022-07-11T13:41:21","slug":"boucles-doreilles-enso-cercle-personnalisables","status":"publish","type":"product","link":"https:\/\/akaju.fr\/index.php\/produit\/boucles-doreilles-enso-cercle-personnalisables\/","title":{"rendered":"Boucles d&rsquo;oreilles Ens\u014d cercle (personnalisables)"},"content":{"rendered":"<p>Un petit concentr\u00e9 de Japon \u00e0 vos oreilles, c&rsquo;est ce que vous promettent ces boucles d&rsquo;oreilles, illustr\u00e9es de motifs graphiques d&rsquo;un noir profond \u00e9voquant les estampes \u00e0 l&rsquo;encre de Chine. On peut retrouver les fameuses vagues \u00ab\u00a0seigaiha\u00a0\u00bb qui signifie \u00ab\u00a0vagues de la mer bleue\u00a0\u00bb. Constitu\u00e9 de cercles concentriques qui se chevauchent, ce motif symbolise la mer calme, la force tranquille et la bonne fortune. \u00ab\u00a0Ens\u014d\u00a0\u00bb signifie d&rsquo;ailleurs \u00ab\u00a0cercle\u00a0\u00bb en japonais. Le noir profond des motifs contrastant avec les pompons qui leur donnent leur note d&rsquo;\u00e9nergie color\u00e9e en font des boucles d&rsquo;oreilles au caract\u00e8re affirm\u00e9. Elles sauront donner une touche d&rsquo;originalit\u00e9 \u00e0 vos tenues, et s&rsquo;adapteront \u00e0 vos go\u00fbts puisque les pompons sont disponibles dans une petite dizaine de teintes. Elles ont \u00e9t\u00e9 enti\u00e8rement faites \u00e0 la main \u00e0 Grenoble. Le bois (h\u00eatre, charme, essences de couleur claire) est issu de r\u00e9cup\u00e9ration dans les alentours de Grenoble (\u00e9lagage, for\u00eat&#8230;), et n&rsquo;est jamais abattu sp\u00e9cialement pour les bijoux. Les branches sont ensuite coup\u00e9es en rondelles, perc\u00e9es, ponc\u00e9es et d\u00e9cor\u00e9es une \u00e0 une \u00e0 la main. Les pompons sont \u00e9galement r\u00e9alis\u00e9s par mes soins et les crochets sont en acier inoxydable, ce qui \u00e9limine le risque d&rsquo;allergie. Les plus grosses rondelles de bois mesurent environ 2 cm de diam\u00e8tre et les petites environ 1 cm de diam\u00e8tre, les pompons mesurent environ 2,5 cm chacun. Ces boucles d&rsquo;oreilles \u00e9tant fabriqu\u00e9es artisanalement \u00e0 base d&rsquo;\u00e9l\u00e9ments naturels, elles peuvent l\u00e9g\u00e8rement diff\u00e9rer de celles pr\u00e9sent\u00e9es sur les photos.<\/p>\n<p>Afin de garder vos boucles d&rsquo;oreilles le plus longtemps possible, je vous conseille de les ranger dans un endroit sec (\u00e9viter la salle de bain), d\u2019\u00e9viter le contact avec l\u2019eau (les enlever avant de prendre votre douche), ou une exposition au soleil trop prolong\u00e9e, \u00e9viter le contact avec le parfum, les enlever avant d\u2019aller vous coucher ou d\u2019aller faire du sport.<\/p>\n","protected":false},"excerpt":{"rendered":"<p>Graphiques et g\u00e9om\u00e9triques, boucles d&rsquo;oreilles en bois d\u00e9cor\u00e9 main, crochets et anneaux en acier inoxydable (sans allerg\u00e8nes)<\/p>\n","protected":false},"featured_media":2897,"comment_status":"open","ping_status":"closed","template":"","meta":[],"product_brand":[],"product_cat":[24,27],"product_tag":[],"class_list":{"0":"post-2785","1":"product","2":"type-product","3":"status-publish","4":"has-post-thumbnail","6":"product_cat-boucles-doreilles","7":"product_cat-femme","9":"first","10":"instock","11":"shipping-taxable","12":"purchasable","13":"product-type-variable"},"aioseo_notices":[],"_links":{"self":[{"href":"https:\/\/akaju.fr\/index.php\/wp-json\/wp\/v2\/product\/2785","targetHints":{"allow":["GET"]}}],"collection":[{"href":"https:\/\/akaju.fr\/index.php\/wp-json\/wp\/v2\/product"}],"about":[{"href":"https:\/\/akaju.fr\/index.php\/wp-json\/wp\/v2\/types\/product"}],"replies":[{"embeddable":true,"href":"https:\/\/akaju.fr\/index.php\/wp-json\/wp\/v2\/comments?post=2785"}],"wp:featuredmedia":[{"embeddable":true,"href":"https:\/\/akaju.fr\/index.php\/wp-json\/wp\/v2\/media\/2897"}],"wp:attachment":[{"href":"https:\/\/akaju.fr\/index.php\/wp-json\/wp\/v2\/media?parent=2785"}],"wp:term":[{"taxonomy":"product_brand","embeddable":true,"href":"https:\/\/akaju.fr\/index.php\/wp-json\/wp\/v2\/product_brand?post=2785"},{"taxonomy":"product_cat","embeddable":true,"href":"https:\/\/akaju.fr\/index.php\/wp-json\/wp\/v2\/product_cat?post=2785"},{"taxonomy":"product_tag","embeddable":true,"href":"https:\/\/akaju.fr\/index.php\/wp-json\/wp\/v2\/product_tag?post=2785"}],"curies":[{"name":"wp","href":"https:\/\/api.w.org\/{rel}","templated":true}]}}