{"id":3050,"date":"2021-01-29T15:40:48","date_gmt":"2021-01-29T14:40:48","guid":{"rendered":"http:\/\/akaju.fr\/?post_type=product&#038;p=3050"},"modified":"2022-07-11T15:41:21","modified_gmt":"2022-07-11T13:41:21","slug":"duo-de-bracelets-st-valentin-shiroi-et-kuroi","status":"publish","type":"product","link":"https:\/\/akaju.fr\/index.php\/produit\/duo-de-bracelets-st-valentin-shiroi-et-kuroi\/","title":{"rendered":"Duo de bracelets St Valentin (Shiroi et Kuroi)"},"content":{"rendered":"<p>Au Japon,la St Valentin fut introduite par des fabricants de chocolat. Durant cette f\u00eate, les femmes offrent des chocolats aux hommes, le <time class=\"nowrap\" datetime=\"02-14\" data-sort-value=\"02-14\">14 f\u00e9vrier<\/time> de chaque ann\u00e9e. Dans un second temps, les hommes qui ont re\u00e7u des chocolats le <time class=\"nowrap\" datetime=\"02-14\" data-sort-value=\"02-14\">14 f\u00e9vrier<\/time> vont pouvoir offrir aux femmes un cadeau en retour, \u00e0 l&rsquo;occasion du <i>White day<\/i>, c\u00e9l\u00e9br\u00e9 le <time class=\"nowrap\" datetime=\"03-14\" data-sort-value=\"03-14\">14 mars<\/time>. En guise de pr\u00e9sent, les femmes re\u00e7oivent du chocolat blanc, des bijoux ou de la lingerie (de couleur blanche). J&rsquo;ai donc cr\u00e9\u00e9 pour vous ce duo de bracelets avec des perles en bois clair, que j&rsquo;ai d\u00e9cor\u00e9 \u00e0 la main et les pompons assortis (\u00e9galement faits main), en r\u00e9f\u00e9rence \u00e0 cette f\u00eate des amoureux, en version japonaise. Ces bracelets se vendent \u00e9galement \u00e0 l&rsquo;unit\u00e9, en version noire ou blanche (Kuroi ou Shiroi), pour elle et lui, elle et elle, ou lui et lui.<\/p>\n<div id=\"tab-description\" class=\"woocommerce-Tabs-panel woocommerce-Tabs-panel--description panel entry-content wc-tab\" role=\"tabpanel\" aria-labelledby=\"tab-title-description\">\n<p>Les perles en bois font 1,5cm de diam\u00e8tre et les pompons environ 2,5cm). Ils s&rsquo;accorde \u00e0 la plupart des poignets gr\u00e2ce \u00e0 l&rsquo;\u00e9lasticit\u00e9 du fil m\u00e9moire en laiton qui s&rsquo;enroule autour de votre poignet.<\/p>\n<p>Afin de garder vos bracelets le plus longtemps possible, je vous conseille de les ranger dans un endroit sec (\u00e9viter la salle de bain), ou une exposition au soleil trop prolong\u00e9e, d\u2019\u00e9viter le contact avec l\u2019eau (les enlever avant de prendre votre douche), \u00e9viter le contact avec le parfum, les enlever avant d\u2019aller vous coucher ou d\u2019aller faire du sport.<\/p>\n<\/div>\n","protected":false},"excerpt":{"rendered":"<p>Duo de bracelets en laiton brut (sans allerg\u00e8ne), graines de savonnier, bois d\u00e9cor\u00e9 main, pompons faits main.<\/p>\n","protected":false},"featured_media":3052,"comment_status":"open","ping_status":"closed","template":"","meta":[],"product_brand":[],"product_cat":[21,27,28],"product_tag":[],"class_list":{"0":"post-3050","1":"product","2":"type-product","3":"status-publish","4":"has-post-thumbnail","6":"product_cat-bracelet","7":"product_cat-femme","8":"product_cat-homme","10":"first","11":"instock","12":"shipping-taxable","13":"purchasable","14":"product-type-simple"},"aioseo_notices":[],"_links":{"self":[{"href":"https:\/\/akaju.fr\/index.php\/wp-json\/wp\/v2\/product\/3050","targetHints":{"allow":["GET"]}}],"collection":[{"href":"https:\/\/akaju.fr\/index.php\/wp-json\/wp\/v2\/product"}],"about":[{"href":"https:\/\/akaju.fr\/index.php\/wp-json\/wp\/v2\/types\/product"}],"replies":[{"embeddable":true,"href":"https:\/\/akaju.fr\/index.php\/wp-json\/wp\/v2\/comments?post=3050"}],"wp:featuredmedia":[{"embeddable":true,"href":"https:\/\/akaju.fr\/index.php\/wp-json\/wp\/v2\/media\/3052"}],"wp:attachment":[{"href":"https:\/\/akaju.fr\/index.php\/wp-json\/wp\/v2\/media?parent=3050"}],"wp:term":[{"taxonomy":"product_brand","embeddable":true,"href":"https:\/\/akaju.fr\/index.php\/wp-json\/wp\/v2\/product_brand?post=3050"},{"taxonomy":"product_cat","embeddable":true,"href":"https:\/\/akaju.fr\/index.php\/wp-json\/wp\/v2\/product_cat?post=3050"},{"taxonomy":"product_tag","embeddable":true,"href":"https:\/\/akaju.fr\/index.php\/wp-json\/wp\/v2\/product_tag?post=3050"}],"curies":[{"name":"wp","href":"https:\/\/api.w.org\/{rel}","templated":true}]}}