{"id":3129,"date":"2021-02-26T11:16:18","date_gmt":"2021-02-26T10:16:18","guid":{"rendered":"http:\/\/akaju.fr\/?post_type=product&#038;p=3129"},"modified":"2026-01-22T20:50:38","modified_gmt":"2026-01-22T19:50:38","slug":"boucles-doreilles-ginkgo-sun","status":"publish","type":"product","link":"https:\/\/akaju.fr\/index.php\/produit\/boucles-doreilles-ginkgo-sun\/","title":{"rendered":"Boucles d&rsquo;oreilles Ginkgo Sun"},"content":{"rendered":"<p>Le ginkgo, symbole de long\u00e9vit\u00e9 est ici appos\u00e9 tel un sceau ou un tatouage sur des perles de papier issu d&rsquo;un ancien livre, qui voit sa vie effectivement allong\u00e9e dans sa nouvelle vie de bijou. D\u00e9licates et tr\u00e8s l\u00e9g\u00e8res, ces boucles d&rsquo;oreilles originales mettront en valeur la plupart des tenues de couleur et r\u00e9v\u00e8leront toute leur \u00e9l\u00e9gance avec des v\u00eatements noirs. Leur style graphique et japonisant ne passera pas inaper\u00e7u!<\/p>\n<p>Ces boucles d&rsquo;oreilles ont \u00e9t\u00e9 confectionn\u00e9es artisanalement dans mon atelier \u00e0 partir du papier upcycl\u00e9 d&rsquo;un ancien livre chang\u00e9 en perles puis vernies deux fois afin de les prot\u00e9ger des agressions ext\u00e9rieures. Ces perles ont \u00e9t\u00e9 mari\u00e9es aux graines de f\u00e9vier d&rsquo;Am\u00e9rique r\u00e9colt\u00e9es \u00e0 Grenoble, et au fil de laiton, hypoallerg\u00e9nique, et travaill\u00e9 \u00e0 la main. Ces boucles d&rsquo;oreilles \u00e9tant fabriqu\u00e9es \u00e0 base d&rsquo;\u00e9l\u00e9ments naturels, et upcycl\u00e9s, elles peuvent l\u00e9g\u00e8rement diff\u00e9rer de celles pr\u00e9sent\u00e9es sur les photos.<\/p>\n<p>Afin de garder vos boucles d\u2019oreilles le plus longtemps possible, je vous conseille de les ranger dans un endroit sec (\u00e9viter la salle de bain), d\u2019\u00e9viter le contact avec l\u2019eau (les enlever avant de prendre votre douche), ou une exposition au soleil trop prolong\u00e9e, \u00e9viter le contact avec le parfum, les enlever avant d\u2019aller vous coucher ou d\u2019aller faire du sport. Avec le temps, une patine appara\u00eet sur le laiton, lui donnant un aspect or ancien&nbsp;; si vous voulez redonner un coup d\u2019\u00e9clat au laiton, vous pouvez le frotter doucement avec un chiffon doux et un peu de dentifrice ou de vinaigre ou de bicarbonate de soude additionn\u00e9 de quelques gouttes d\u2019eau, puis l\u2019essuyer avec un chiffon propre.<\/p>\n","protected":false},"excerpt":{"rendered":"<p>Graphiques et japonisantes, boucles d&rsquo;oreilles confectionn\u00e9es avec des perles de papier faites main, d\u00e9cor\u00e9es d&rsquo;un motif cr\u00e9\u00e9 pour le mod\u00e8le, graines de f\u00e9vier, crochets et anneaux en laiton (hypoallerg\u00e9nique) travaill\u00e9 main.<\/p>\n","protected":false},"featured_media":3161,"comment_status":"open","ping_status":"closed","template":"","meta":[],"product_brand":[],"product_cat":[24,27],"product_tag":[],"class_list":{"0":"post-3129","1":"product","2":"type-product","3":"status-publish","4":"has-post-thumbnail","6":"product_cat-boucles-doreilles","7":"product_cat-femme","9":"first","10":"instock","11":"shipping-taxable","12":"purchasable","13":"product-type-simple"},"aioseo_notices":[],"_links":{"self":[{"href":"https:\/\/akaju.fr\/index.php\/wp-json\/wp\/v2\/product\/3129","targetHints":{"allow":["GET"]}}],"collection":[{"href":"https:\/\/akaju.fr\/index.php\/wp-json\/wp\/v2\/product"}],"about":[{"href":"https:\/\/akaju.fr\/index.php\/wp-json\/wp\/v2\/types\/product"}],"replies":[{"embeddable":true,"href":"https:\/\/akaju.fr\/index.php\/wp-json\/wp\/v2\/comments?post=3129"}],"wp:featuredmedia":[{"embeddable":true,"href":"https:\/\/akaju.fr\/index.php\/wp-json\/wp\/v2\/media\/3161"}],"wp:attachment":[{"href":"https:\/\/akaju.fr\/index.php\/wp-json\/wp\/v2\/media?parent=3129"}],"wp:term":[{"taxonomy":"product_brand","embeddable":true,"href":"https:\/\/akaju.fr\/index.php\/wp-json\/wp\/v2\/product_brand?post=3129"},{"taxonomy":"product_cat","embeddable":true,"href":"https:\/\/akaju.fr\/index.php\/wp-json\/wp\/v2\/product_cat?post=3129"},{"taxonomy":"product_tag","embeddable":true,"href":"https:\/\/akaju.fr\/index.php\/wp-json\/wp\/v2\/product_tag?post=3129"}],"curies":[{"name":"wp","href":"https:\/\/api.w.org\/{rel}","templated":true}]}}