{"id":3412,"date":"2021-11-30T11:16:50","date_gmt":"2021-11-30T10:16:50","guid":{"rendered":"http:\/\/akaju.fr\/?post_type=product&#038;p=3412"},"modified":"2021-11-30T11:16:51","modified_gmt":"2021-11-30T10:16:51","slug":"broche-nigra","status":"publish","type":"product","link":"https:\/\/akaju.fr\/index.php\/produit\/broche-nigra\/","title":{"rendered":"Broche Nigra"},"content":{"rendered":"<p>Les formes cisel\u00e9es de cette tranche de noix et le laiton brut, viendront fermer ou d\u00e9corer tous vos pulls et gilets \u00e0 grosses mailles tout en d\u00e9licatesse et originalit\u00e9. Ce curieux fruit, c\u2019est une noix du noyer noir d\u2019Am\u00e9rique, r\u00e9colt\u00e9e \u00e0 Grenoble. Son bois tr\u00e8s r\u00e9sistant \u00e0 \u00e9t\u00e9 sci\u00e9, ponc\u00e9 et poli par mes soins avant d\u2019\u00eatre mont\u00e9 en broche avec du laiton travaill\u00e9 main \u00e9galement (sans allerg\u00e8nes) et des graines de savonnier de Chine, elles aussi r\u00e9colt\u00e9es \u00e0 Grenoble. La taille des noix et la fa\u00e7on de les couper fait que chaque broche est unique, m\u00eame si les motifs sont souvent similaires. La tranche de noix mesure environ 3cm.<\/p>\n<p>Afin de garder votre broche le plus longtemps possible, je vous conseille de la ranger dans un endroit sec (\u00e9viter la salle de bain), d\u2019\u00e9viter le contact avec l\u2019eau, ou une exposition au soleil trop prolong\u00e9e, \u00e9viter le contact avec le parfum. Avec le temps, une patine appara\u00eet sur le laiton, lui donnant un aspect or ancien&nbsp;; si vous voulez redonner un coup d\u2019\u00e9clat au laiton, vous pouvez le frotter doucement avec un chiffon doux et un peu de vinaigre ou de bicarbonate de soude additionn\u00e9 de quelques gouttes d\u2019eau, puis l\u2019essuyer avec un chiffon propre.<\/p>\n","protected":false},"excerpt":{"rendered":"<p>D\u00e9licatement dentel\u00e9e, broche en laiton brut (sans allerg\u00e8nes), noix noire d\u2019Am\u00e9rique et graines de savonnier de Chine.<\/p>\n","protected":false},"featured_media":3433,"comment_status":"open","ping_status":"closed","template":"","meta":[],"product_brand":[],"product_cat":[32],"product_tag":[],"class_list":{"0":"post-3412","1":"product","2":"type-product","3":"status-publish","4":"has-post-thumbnail","6":"product_cat-broche","8":"first","9":"instock","10":"shipping-taxable","11":"purchasable","12":"product-type-simple"},"aioseo_notices":[],"_links":{"self":[{"href":"https:\/\/akaju.fr\/index.php\/wp-json\/wp\/v2\/product\/3412","targetHints":{"allow":["GET"]}}],"collection":[{"href":"https:\/\/akaju.fr\/index.php\/wp-json\/wp\/v2\/product"}],"about":[{"href":"https:\/\/akaju.fr\/index.php\/wp-json\/wp\/v2\/types\/product"}],"replies":[{"embeddable":true,"href":"https:\/\/akaju.fr\/index.php\/wp-json\/wp\/v2\/comments?post=3412"}],"wp:featuredmedia":[{"embeddable":true,"href":"https:\/\/akaju.fr\/index.php\/wp-json\/wp\/v2\/media\/3433"}],"wp:attachment":[{"href":"https:\/\/akaju.fr\/index.php\/wp-json\/wp\/v2\/media?parent=3412"}],"wp:term":[{"taxonomy":"product_brand","embeddable":true,"href":"https:\/\/akaju.fr\/index.php\/wp-json\/wp\/v2\/product_brand?post=3412"},{"taxonomy":"product_cat","embeddable":true,"href":"https:\/\/akaju.fr\/index.php\/wp-json\/wp\/v2\/product_cat?post=3412"},{"taxonomy":"product_tag","embeddable":true,"href":"https:\/\/akaju.fr\/index.php\/wp-json\/wp\/v2\/product_tag?post=3412"}],"curies":[{"name":"wp","href":"https:\/\/api.w.org\/{rel}","templated":true}]}}